{"id":7793,"date":"2020-06-01T07:48:09","date_gmt":"2020-06-01T07:48:09","guid":{"rendered":"https:\/\/markenture.com\/kontakt\/"},"modified":"2023-02-20T07:44:55","modified_gmt":"2023-02-20T07:44:55","slug":"kontakt","status":"publish","type":"page","link":"https:\/\/markenture.com\/sv\/kontakt\/","title":{"rendered":"Kontakt"},"content":{"rendered":"\t\t<div data-elementor-type=\"wp-post\" data-elementor-id=\"7793\" class=\"elementor elementor-7793\" data-elementor-settings=\"[]\">\n\t\t\t\t\t\t<div class=\"elementor-inner\">\n\t\t\t\t\t\t\t<div class=\"elementor-section-wrap\">\n\t\t\t\t\t\t\t<section class=\"elementor-section elementor-top-section elementor-element elementor-element-6061930 elementor-section-full_width elementor-section-height-default elementor-section-height-default\" data-id=\"6061930\" data-element_type=\"section\" data-settings=\"{&quot;background_background&quot;:&quot;classic&quot;,&quot;ekit_has_onepagescroll_dot&quot;:&quot;yes&quot;}\">\n\t\t\t\t\t\t<div class=\"elementor-container elementor-column-gap-no\">\n\t\t\t\t\t\t\t<div class=\"elementor-row\">\n\t\t\t\t\t<div class=\"elementor-column elementor-col-100 elementor-top-column elementor-element elementor-element-ef06117\" data-id=\"ef06117\" data-element_type=\"column\">\n\t\t\t<div class=\"elementor-column-wrap elementor-element-populated\">\n\t\t\t\t\t\t\t<div class=\"elementor-widget-wrap\">\n\t\t\t\t\t\t<div class=\"elementor-element elementor-element-7a6211f animated-fast elementor-invisible elementor-widget elementor-widget-elementskit-heading\" data-id=\"7a6211f\" data-element_type=\"widget\" data-settings=\"{&quot;_animation&quot;:&quot;fadeInUp&quot;,&quot;_animation_delay&quot;:100}\" data-widget_type=\"elementskit-heading.default\">\n\t\t\t\t<div class=\"elementor-widget-container\">\n\t\t\t<div class=\"ekit-wid-con\" ><div class=\"ekit-heading elementskit-section-title-wraper text_center   ekit_heading_tablet-   ekit_heading_mobile-\"><h1 class=\"ekit-heading--title elementskit-section-title \">\n\t\t\t\t\tKontakta oss\n\t\t\t\t<\/h1><\/div><\/div>\t\t<\/div>\n\t\t\t\t<\/div>\n\t\t\t\t\t\t<\/div>\n\t\t\t\t\t<\/div>\n\t\t<\/div>\n\t\t\t\t\t\t\t\t<\/div>\n\t\t\t\t\t<\/div>\n\t\t<\/section>\n\t\t\t\t<section class=\"elementor-section elementor-top-section elementor-element elementor-element-04d7ebb elementor-section-boxed elementor-section-height-default elementor-section-height-default\" data-id=\"04d7ebb\" data-element_type=\"section\" data-settings=\"{&quot;ekit_has_onepagescroll_dot&quot;:&quot;yes&quot;}\">\n\t\t\t\t\t\t<div class=\"elementor-container elementor-column-gap-default\">\n\t\t\t\t\t\t\t<div class=\"elementor-row\">\n\t\t\t\t\t<div class=\"elementor-column elementor-col-100 elementor-top-column elementor-element elementor-element-c78a2b9\" data-id=\"c78a2b9\" data-element_type=\"column\">\n\t\t\t<div class=\"elementor-column-wrap elementor-element-populated\">\n\t\t\t\t\t\t\t<div class=\"elementor-widget-wrap\">\n\t\t\t\t\t\t<div class=\"elementor-element elementor-element-3b4123f elementor-widget elementor-widget-heading\" data-id=\"3b4123f\" data-element_type=\"widget\" data-widget_type=\"heading.default\">\n\t\t\t\t<div class=\"elementor-widget-container\">\n\t\t\t<h3 class=\"elementor-heading-title elementor-size-default\">Kom i kontakt<\/h3>\t\t<\/div>\n\t\t\t\t<\/div>\n\t\t\t\t<div class=\"elementor-element elementor-element-bb42ec0 elementor-widget elementor-widget-text-editor\" data-id=\"bb42ec0\" data-element_type=\"widget\" data-widget_type=\"text-editor.default\">\n\t\t\t\t<div class=\"elementor-widget-container\">\n\t\t\t\t\t\t\t\t<div class=\"elementor-text-editor elementor-clearfix\">\n\t\t\t\t<h5><strong>Vill du komma i kontakt med oss? H\u00f6r av dig via formul\u00e4ret nedan s\u00e5 \u00e5terkommer vi s\u00e5 fort som m\u00f6jligt.<\/strong><\/h5>\t\t\t\t\t<\/div>\n\t\t\t\t\t\t<\/div>\n\t\t\t\t<\/div>\n\t\t\t\t\t\t<\/div>\n\t\t\t\t\t<\/div>\n\t\t<\/div>\n\t\t\t\t\t\t\t\t<\/div>\n\t\t\t\t\t<\/div>\n\t\t<\/section>\n\t\t\t\t<section class=\"elementor-section elementor-top-section elementor-element elementor-element-1bd2a33 elementor-section-boxed elementor-section-height-default elementor-section-height-default\" data-id=\"1bd2a33\" data-element_type=\"section\" data-settings=\"{&quot;ekit_has_onepagescroll_dot&quot;:&quot;yes&quot;}\">\n\t\t\t\t\t\t<div class=\"elementor-container elementor-column-gap-default\">\n\t\t\t\t\t\t\t<div class=\"elementor-row\">\n\t\t\t\t\t<div class=\"elementor-column elementor-col-100 elementor-top-column elementor-element elementor-element-343fd22\" data-id=\"343fd22\" data-element_type=\"column\">\n\t\t\t<div class=\"elementor-column-wrap elementor-element-populated\">\n\t\t\t\t\t\t\t<div class=\"elementor-widget-wrap\">\n\t\t\t\t\t\t<div class=\"elementor-element elementor-element-e2cf4b9 elementor-widget elementor-widget-spacer\" data-id=\"e2cf4b9\" data-element_type=\"widget\" data-widget_type=\"spacer.default\">\n\t\t\t\t<div class=\"elementor-widget-container\">\n\t\t\t\t\t<div class=\"elementor-spacer\">\n\t\t\t<div class=\"elementor-spacer-inner\"><\/div>\n\t\t<\/div>\n\t\t\t\t<\/div>\n\t\t\t\t<\/div>\n\t\t\t\t\t\t<\/div>\n\t\t\t\t\t<\/div>\n\t\t<\/div>\n\t\t\t\t\t\t\t\t<\/div>\n\t\t\t\t\t<\/div>\n\t\t<\/section>\n\t\t\t\t<section class=\"elementor-section elementor-top-section elementor-element elementor-element-0ddf3f8 elementor-section-boxed elementor-section-height-default elementor-section-height-default\" data-id=\"0ddf3f8\" data-element_type=\"section\" data-settings=\"{&quot;ekit_has_onepagescroll_dot&quot;:&quot;yes&quot;}\">\n\t\t\t\t\t\t<div class=\"elementor-container elementor-column-gap-default\">\n\t\t\t\t\t\t\t<div class=\"elementor-row\">\n\t\t\t\t\t<div class=\"elementor-column elementor-col-50 elementor-top-column elementor-element elementor-element-d77abe0\" data-id=\"d77abe0\" data-element_type=\"column\">\n\t\t\t<div class=\"elementor-column-wrap elementor-element-populated\">\n\t\t\t\t\t\t\t<div class=\"elementor-widget-wrap\">\n\t\t\t\t\t\t<div class=\"elementor-element elementor-element-2df14de elementor-widget elementor-widget-html\" data-id=\"2df14de\" data-element_type=\"widget\" data-widget_type=\"html.default\">\n\t\t\t\t<div class=\"elementor-widget-container\">\n\t\t\t<script charset=\"utf-8\" type=\"text\/javascript\" src=\"\/\/js.hsforms.net\/forms\/v2.js\"><\/script>\n<script>\n  hbspt.forms.create({\n    region: \"na1\",\n    portalId: \"6113409\",\n    formId: \"c21a585b-8436-4338-b0fa-8d023ba8c411\"\n  });\n<\/script>\t\t<\/div>\n\t\t\t\t<\/div>\n\t\t\t\t\t\t<\/div>\n\t\t\t\t\t<\/div>\n\t\t<\/div>\n\t\t\t\t<div class=\"elementor-column elementor-col-50 elementor-top-column elementor-element elementor-element-5b75f54\" data-id=\"5b75f54\" data-element_type=\"column\">\n\t\t\t<div class=\"elementor-column-wrap elementor-element-populated\">\n\t\t\t\t\t\t\t<div class=\"elementor-widget-wrap\">\n\t\t\t\t\t\t<div class=\"elementor-element elementor-element-9672d9c elementor-view-default elementor-widget elementor-widget-icon\" data-id=\"9672d9c\" data-element_type=\"widget\" data-widget_type=\"icon.default\">\n\t\t\t\t<div class=\"elementor-widget-container\">\n\t\t\t\t\t<div class=\"elementor-icon-wrapper\">\n\t\t\t<div class=\"elementor-icon\">\n\t\t\t<i aria-hidden=\"true\" class=\"icon icon-email\"><\/i>\t\t\t<\/div>\n\t\t<\/div>\n\t\t\t\t<\/div>\n\t\t\t\t<\/div>\n\t\t\t\t<div class=\"elementor-element elementor-element-2fc0b9c elementor-widget elementor-widget-text-editor\" data-id=\"2fc0b9c\" data-element_type=\"widget\" data-widget_type=\"text-editor.default\">\n\t\t\t\t<div class=\"elementor-widget-container\">\n\t\t\t\t\t\t\t\t<div class=\"elementor-text-editor elementor-clearfix\">\n\t\t\t\t<h5><strong>hello@markenture.com<\/strong><\/h5>\t\t\t\t\t<\/div>\n\t\t\t\t\t\t<\/div>\n\t\t\t\t<\/div>\n\t\t\t\t<div class=\"elementor-element elementor-element-73cf779 elementor-view-default elementor-widget elementor-widget-icon\" data-id=\"73cf779\" data-element_type=\"widget\" data-widget_type=\"icon.default\">\n\t\t\t\t<div class=\"elementor-widget-container\">\n\t\t\t\t\t<div class=\"elementor-icon-wrapper\">\n\t\t\t<div class=\"elementor-icon\">\n\t\t\t<i aria-hidden=\"true\" class=\"icon icon-phone-handset\"><\/i>\t\t\t<\/div>\n\t\t<\/div>\n\t\t\t\t<\/div>\n\t\t\t\t<\/div>\n\t\t\t\t<div class=\"elementor-element elementor-element-1f42e48 elementor-widget elementor-widget-text-editor\" data-id=\"1f42e48\" data-element_type=\"widget\" data-widget_type=\"text-editor.default\">\n\t\t\t\t<div class=\"elementor-widget-container\">\n\t\t\t\t\t\t\t\t<div class=\"elementor-text-editor elementor-clearfix\">\n\t\t\t\t<h5><strong>+46 76 266 40 67<\/strong><\/h5>\t\t\t\t\t<\/div>\n\t\t\t\t\t\t<\/div>\n\t\t\t\t<\/div>\n\t\t\t\t<div class=\"elementor-element elementor-element-2649229 elementor-view-default elementor-widget elementor-widget-icon\" data-id=\"2649229\" data-element_type=\"widget\" data-widget_type=\"icon.default\">\n\t\t\t\t<div class=\"elementor-widget-container\">\n\t\t\t\t\t<div class=\"elementor-icon-wrapper\">\n\t\t\t<div class=\"elementor-icon\">\n\t\t\t<i aria-hidden=\"true\" class=\"icon icon-map-marker\"><\/i>\t\t\t<\/div>\n\t\t<\/div>\n\t\t\t\t<\/div>\n\t\t\t\t<\/div>\n\t\t\t\t<div class=\"elementor-element elementor-element-3766da1 elementor-widget elementor-widget-text-editor\" data-id=\"3766da1\" data-element_type=\"widget\" data-widget_type=\"text-editor.default\">\n\t\t\t\t<div class=\"elementor-widget-container\">\n\t\t\t\t\t\t\t\t<div class=\"elementor-text-editor elementor-clearfix\">\n\t\t\t\t<h5><strong>Vendev\u00e4gen 89,\u00a0<\/strong><\/h5><h5><strong>182 32 Danderyd,\u00a0<\/strong>Stockholm<\/h5>\t\t\t\t\t<\/div>\n\t\t\t\t\t\t<\/div>\n\t\t\t\t<\/div>\n\t\t\t\t\t\t<\/div>\n\t\t\t\t\t<\/div>\n\t\t<\/div>\n\t\t\t\t\t\t\t\t<\/div>\n\t\t\t\t\t<\/div>\n\t\t<\/section>\n\t\t\t\t\t\t<\/div>\n\t\t\t\t\t\t<\/div>\n\t\t\t\t\t<\/div>\n\t\t","protected":false},"excerpt":{"rendered":"<p>Kontakta oss Kom i kontakt Vill du komma i kontakt med oss? H\u00f6r av dig via formul\u00e4ret nedan s\u00e5 \u00e5terkommer vi s\u00e5 fort som m\u00f6jligt. hello@markenture.com +46 76 266 40 67 Vendev\u00e4gen 89,\u00a0 182 32 Danderyd,\u00a0Stockholm<\/p>\n","protected":false},"author":1,"featured_media":0,"parent":0,"menu_order":0,"comment_status":"closed","ping_status":"closed","template":"page-templates\/contact-4.php","meta":{"_et_pb_use_builder":"","_et_pb_old_content":"","_et_gb_content_width":"","footnotes":""},"class_list":["post-7793","page","type-page","status-publish","hentry"],"yoast_head":"<!-- This site is optimized with the Yoast SEO plugin v22.9 - https:\/\/yoast.com\/wordpress\/plugins\/seo\/ -->\n<title>Kontakt - Markenture<\/title>\n<meta name=\"robots\" content=\"index, follow, max-snippet:-1, max-image-preview:large, max-video-preview:-1\" \/>\n<link rel=\"canonical\" href=\"https:\/\/markenture.com\/sv\/kontakt\/\" \/>\n<meta property=\"og:locale\" content=\"sv_SE\" \/>\n<meta property=\"og:type\" content=\"article\" \/>\n<meta property=\"og:title\" content=\"Kontakt - Markenture\" \/>\n<meta property=\"og:description\" content=\"Kontakta oss Kom i kontakt Vill du komma i kontakt med oss? H\u00f6r av dig via formul\u00e4ret nedan s\u00e5 \u00e5terkommer vi s\u00e5 fort som m\u00f6jligt. hello@markenture.com +46 76 266 40 67 Vendev\u00e4gen 89,\u00a0 182 32 Danderyd,\u00a0Stockholm\" \/>\n<meta property=\"og:url\" content=\"https:\/\/markenture.com\/sv\/kontakt\/\" \/>\n<meta property=\"og:site_name\" content=\"Markenture\" \/>\n<meta property=\"article:publisher\" content=\"https:\/\/www.facebook.com\/markenture\/\" \/>\n<meta property=\"article:modified_time\" content=\"2023-02-20T07:44:55+00:00\" \/>\n<meta name=\"twitter:card\" content=\"summary_large_image\" \/>\n<meta name=\"twitter:label1\" content=\"Est. reading time\" \/>\n\t<meta name=\"twitter:data1\" content=\"1 minut\" \/>\n<script type=\"application\/ld+json\" class=\"yoast-schema-graph\">{\"@context\":\"https:\/\/schema.org\",\"@graph\":[{\"@type\":\"WebPage\",\"@id\":\"https:\/\/markenture.com\/sv\/kontakt\/\",\"url\":\"https:\/\/markenture.com\/sv\/kontakt\/\",\"name\":\"Kontakt - Markenture\",\"isPartOf\":{\"@id\":\"https:\/\/markenture.com\/#website\"},\"datePublished\":\"2020-06-01T07:48:09+00:00\",\"dateModified\":\"2023-02-20T07:44:55+00:00\",\"breadcrumb\":{\"@id\":\"https:\/\/markenture.com\/sv\/kontakt\/#breadcrumb\"},\"inLanguage\":\"sv-SE\",\"potentialAction\":[{\"@type\":\"ReadAction\",\"target\":[\"https:\/\/markenture.com\/sv\/kontakt\/\"]}]},{\"@type\":\"BreadcrumbList\",\"@id\":\"https:\/\/markenture.com\/sv\/kontakt\/#breadcrumb\",\"itemListElement\":[{\"@type\":\"ListItem\",\"position\":1,\"name\":\"Home\",\"item\":\"https:\/\/markenture.com\/sv\/\"},{\"@type\":\"ListItem\",\"position\":2,\"name\":\"Kontakt\"}]},{\"@type\":\"WebSite\",\"@id\":\"https:\/\/markenture.com\/#website\",\"url\":\"https:\/\/markenture.com\/\",\"name\":\"Markenture\",\"description\":\"Drive growth with remarkable inbound marketing\",\"publisher\":{\"@id\":\"https:\/\/markenture.com\/#organization\"},\"potentialAction\":[{\"@type\":\"SearchAction\",\"target\":{\"@type\":\"EntryPoint\",\"urlTemplate\":\"https:\/\/markenture.com\/?s={search_term_string}\"},\"query-input\":\"required name=search_term_string\"}],\"inLanguage\":\"sv-SE\"},{\"@type\":\"Organization\",\"@id\":\"https:\/\/markenture.com\/#organization\",\"name\":\"Markenture\",\"url\":\"https:\/\/markenture.com\/\",\"logo\":{\"@type\":\"ImageObject\",\"inLanguage\":\"sv-SE\",\"@id\":\"https:\/\/markenture.com\/#\/schema\/logo\/image\/\",\"url\":null,\"contentUrl\":null,\"width\":null,\"height\":null,\"caption\":\"Markenture\"},\"image\":{\"@id\":\"https:\/\/markenture.com\/#\/schema\/logo\/image\/\"},\"sameAs\":[\"https:\/\/www.facebook.com\/markenture\/\"]}]}<\/script>\n<!-- \/ Yoast SEO plugin. -->","yoast_head_json":{"title":"Kontakt - Markenture","robots":{"index":"index","follow":"follow","max-snippet":"max-snippet:-1","max-image-preview":"max-image-preview:large","max-video-preview":"max-video-preview:-1"},"canonical":"https:\/\/markenture.com\/sv\/kontakt\/","og_locale":"sv_SE","og_type":"article","og_title":"Kontakt - Markenture","og_description":"Kontakta oss Kom i kontakt Vill du komma i kontakt med oss? H\u00f6r av dig via formul\u00e4ret nedan s\u00e5 \u00e5terkommer vi s\u00e5 fort som m\u00f6jligt. hello@markenture.com +46 76 266 40 67 Vendev\u00e4gen 89,\u00a0 182 32 Danderyd,\u00a0Stockholm","og_url":"https:\/\/markenture.com\/sv\/kontakt\/","og_site_name":"Markenture","article_publisher":"https:\/\/www.facebook.com\/markenture\/","article_modified_time":"2023-02-20T07:44:55+00:00","twitter_card":"summary_large_image","twitter_misc":{"Est. reading time":"1 minut"},"schema":{"@context":"https:\/\/schema.org","@graph":[{"@type":"WebPage","@id":"https:\/\/markenture.com\/sv\/kontakt\/","url":"https:\/\/markenture.com\/sv\/kontakt\/","name":"Kontakt - Markenture","isPartOf":{"@id":"https:\/\/markenture.com\/#website"},"datePublished":"2020-06-01T07:48:09+00:00","dateModified":"2023-02-20T07:44:55+00:00","breadcrumb":{"@id":"https:\/\/markenture.com\/sv\/kontakt\/#breadcrumb"},"inLanguage":"sv-SE","potentialAction":[{"@type":"ReadAction","target":["https:\/\/markenture.com\/sv\/kontakt\/"]}]},{"@type":"BreadcrumbList","@id":"https:\/\/markenture.com\/sv\/kontakt\/#breadcrumb","itemListElement":[{"@type":"ListItem","position":1,"name":"Home","item":"https:\/\/markenture.com\/sv\/"},{"@type":"ListItem","position":2,"name":"Kontakt"}]},{"@type":"WebSite","@id":"https:\/\/markenture.com\/#website","url":"https:\/\/markenture.com\/","name":"Markenture","description":"Drive growth with remarkable inbound marketing","publisher":{"@id":"https:\/\/markenture.com\/#organization"},"potentialAction":[{"@type":"SearchAction","target":{"@type":"EntryPoint","urlTemplate":"https:\/\/markenture.com\/?s={search_term_string}"},"query-input":"required name=search_term_string"}],"inLanguage":"sv-SE"},{"@type":"Organization","@id":"https:\/\/markenture.com\/#organization","name":"Markenture","url":"https:\/\/markenture.com\/","logo":{"@type":"ImageObject","inLanguage":"sv-SE","@id":"https:\/\/markenture.com\/#\/schema\/logo\/image\/","url":null,"contentUrl":null,"width":null,"height":null,"caption":"Markenture"},"image":{"@id":"https:\/\/markenture.com\/#\/schema\/logo\/image\/"},"sameAs":["https:\/\/www.facebook.com\/markenture\/"]}]}},"_links":{"self":[{"href":"https:\/\/markenture.com\/sv\/wp-json\/wp\/v2\/pages\/7793"}],"collection":[{"href":"https:\/\/markenture.com\/sv\/wp-json\/wp\/v2\/pages"}],"about":[{"href":"https:\/\/markenture.com\/sv\/wp-json\/wp\/v2\/types\/page"}],"author":[{"embeddable":true,"href":"https:\/\/markenture.com\/sv\/wp-json\/wp\/v2\/users\/1"}],"replies":[{"embeddable":true,"href":"https:\/\/markenture.com\/sv\/wp-json\/wp\/v2\/comments?post=7793"}],"version-history":[{"count":5,"href":"https:\/\/markenture.com\/sv\/wp-json\/wp\/v2\/pages\/7793\/revisions"}],"predecessor-version":[{"id":15927,"href":"https:\/\/markenture.com\/sv\/wp-json\/wp\/v2\/pages\/7793\/revisions\/15927"}],"wp:attachment":[{"href":"https:\/\/markenture.com\/sv\/wp-json\/wp\/v2\/media?parent=7793"}],"curies":[{"name":"wp","href":"https:\/\/api.w.org\/{rel}","templated":true}]}}